{"id":32622,"date":"2021-05-31T18:27:05","date_gmt":"2021-05-31T18:27:05","guid":{"rendered":"http:\/\/www.tchh.org\/?page_id=32622"},"modified":"2021-05-31T18:27:05","modified_gmt":"2021-05-31T18:27:05","slug":"terms-conditions","status":"publish","type":"page","link":"http:\/\/www.tchh.org\/fr\/terms-conditions\/","title":{"rendered":"Conditions d'Utilisation"},"content":{"rendered":"<h1>Modalit\u00e9s et conditions<\/h1>\n<p>Derni\u00e8re mise \u00e0 jour : 31 mai 2021<\/p>\n<p>Veuillez lire attentivement ces conditions g\u00e9n\u00e9rales avant d'utiliser notre service.<\/p>\n<h1>Interpr\u00e9tation et d\u00e9finitions<\/h1>\n<h2>Interpr\u00e9tation<\/h2>\n<p>Les mots dont la lettre initiale est en majuscule ont des significations d\u00e9finies dans les conditions suivantes. Les d\u00e9finitions suivantes ont le m\u00eame sens, qu'elles apparaissent au singulier ou au pluriel.<\/p>\n<h2>D\u00e9finitions<\/h2>\n<p>Aux fins des pr\u00e9sentes conditions g\u00e9n\u00e9rales :<\/p>\n<ul>\n<li>\n<p><strong>Affili\u00e9<\/strong> d\u00e9signe une entit\u00e9 qui contr\u00f4le, est contr\u00f4l\u00e9e par ou est sous contr\u00f4le commun avec une partie, le terme \"contr\u00f4le\" d\u00e9signant la propri\u00e9t\u00e9 d'au moins 50% des actions, participations ou autres titres donnant droit de vote pour l'\u00e9lection des administrateurs ou d'autres pouvoirs de gestion.<\/p>\n<\/li>\n<li>\n<p><strong>Pays<\/strong> fait r\u00e9f\u00e9rence \u00e0 : Nouveau-Brunswick, Canada<\/p>\n<\/li>\n<li>\n<p><strong>Entreprise<\/strong> (d\u00e9sign\u00e9e par les termes \" la soci\u00e9t\u00e9 \", \" nous \", \" notre \" ou \" nos \" dans le pr\u00e9sent accord) d\u00e9signe \u00c9quipe Canada Mains gu\u00e9risseuses, CP 1313 Station A, Fredericton (N.-B.) E3B 5C8.<\/p>\n<\/li>\n<li>\n<p><strong>Dispositif<\/strong> d\u00e9signe tout appareil permettant d'acc\u00e9der au Service tel qu'un ordinateur, un t\u00e9l\u00e9phone portable ou une tablette num\u00e9rique.<\/p>\n<\/li>\n<li>\n<p><strong>Service<\/strong> fait r\u00e9f\u00e9rence au site web.<\/p>\n<\/li>\n<li>\n<p><strong>Modalit\u00e9s et conditions<\/strong> (\u00e9galement d\u00e9nomm\u00e9es \"Conditions\") d\u00e9signent les pr\u00e9sentes Conditions g\u00e9n\u00e9rales qui constituent l'int\u00e9gralit\u00e9 de l'accord entre vous et la Soci\u00e9t\u00e9 concernant l'utilisation du Service. Cet accord sur les termes et conditions a \u00e9t\u00e9 cr\u00e9\u00e9 avec l'aide de la <a href=\"https:\/\/www.termsfeed.com\/terms-conditions-generator\/\" target=\"_blank\" rel=\"noopener\">Conditions g\u00e9n\u00e9rales du g\u00e9n\u00e9rateur<\/a>.<\/p>\n<\/li>\n<li>\n<p><strong>Service de m\u00e9dias sociaux tiers<\/strong> d\u00e9signe tout service ou contenu (y compris les donn\u00e9es, les informations, les produits ou les services) fourni par un tiers qui peut \u00eatre affich\u00e9, inclus ou rendu disponible par le Service.<\/p>\n<\/li>\n<li>\n\n<\/li>\n<li>\n<p><strong>Vous<\/strong> d\u00e9signe la personne qui acc\u00e8de au Service ou l'utilise, ou la soci\u00e9t\u00e9 ou toute autre entit\u00e9 juridique pour le compte de laquelle cette personne acc\u00e8de au Service ou l'utilise, selon le cas.<\/p>\n<\/li>\n<\/ul>\n<h1>Remerciements<\/h1>\n<p>Les pr\u00e9sentes conditions g\u00e9n\u00e9rales r\u00e9gissent l'utilisation de ce service et constituent l'accord entre vous et la soci\u00e9t\u00e9. Ces conditions g\u00e9n\u00e9rales d\u00e9finissent les droits et obligations de tous les utilisateurs concernant l'utilisation du service.<\/p>\n<p>Votre acc\u00e8s au service et son utilisation sont conditionn\u00e9s par votre acceptation et votre respect des pr\u00e9sentes conditions g\u00e9n\u00e9rales. Les pr\u00e9sentes conditions g\u00e9n\u00e9rales s'appliquent \u00e0 tous les visiteurs, utilisateurs et autres personnes qui acc\u00e8dent au service ou l'utilisent.<\/p>\n<p>En acc\u00e9dant au service ou en l'utilisant, vous acceptez d'\u00eatre li\u00e9 par les pr\u00e9sentes conditions g\u00e9n\u00e9rales. Si vous n'\u00eates pas d'accord avec une partie quelconque de ces conditions, vous ne pouvez pas acc\u00e9der au service.<\/p>\n<p>Vous d\u00e9clarez que vous \u00eates \u00e2g\u00e9 de plus de 18 ans. La soci\u00e9t\u00e9 n'autorise pas les personnes de moins de 18 ans \u00e0 utiliser le service.<\/p>\n<p>Votre acc\u00e8s au Service et son utilisation sont \u00e9galement conditionn\u00e9s par votre acceptation et votre respect de la Politique de confidentialit\u00e9 de la Soci\u00e9t\u00e9. Notre Politique de confidentialit\u00e9 d\u00e9crit Nos politiques et proc\u00e9dures en mati\u00e8re de collecte, d'utilisation et de divulgation de Vos informations personnelles lorsque Vous utilisez l'Application ou le Site Internet et Vous informe de Vos droits en mati\u00e8re de confidentialit\u00e9 et de la mani\u00e8re dont la loi Vous prot\u00e8ge. Veuillez lire attentivement notre politique de confidentialit\u00e9 avant d'utiliser notre service.<\/p>\n<h1>Liens vers d'autres sites web<\/h1>\n<p>Notre service peut contenir des liens vers des sites Web ou des services de tiers qui ne sont pas d\u00e9tenus ou contr\u00f4l\u00e9s par la soci\u00e9t\u00e9.<\/p>\n<p>La Soci\u00e9t\u00e9 n'a aucun contr\u00f4le sur, et n'assume aucune responsabilit\u00e9 quant au contenu, aux politiques de confidentialit\u00e9 ou aux pratiques de tout site web ou service tiers. En outre, vous reconnaissez et acceptez que la Soci\u00e9t\u00e9 ne peut \u00eatre tenue responsable, directement ou indirectement, de tout dommage ou perte caus\u00e9 ou suppos\u00e9 \u00eatre caus\u00e9 par ou en relation avec l'utilisation ou la confiance accord\u00e9e \u00e0 tout contenu, biens ou services disponibles sur ou par le biais de ces sites Web ou services.<\/p>\n<p>Nous vous conseillons vivement de lire les conditions g\u00e9n\u00e9rales et les politiques de confidentialit\u00e9 de tout site web ou service tiers que vous visitez.<\/p>\n<h1>Terminaison<\/h1>\n<p>Nous pouvons mettre fin \u00e0 votre acc\u00e8s ou le suspendre imm\u00e9diatement, sans pr\u00e9avis ni responsabilit\u00e9, pour quelque raison que ce soit, notamment si vous enfreignez les pr\u00e9sentes conditions g\u00e9n\u00e9rales.<\/p>\n<p>En cas de r\u00e9siliation, votre droit d'utiliser le service cessera imm\u00e9diatement.<\/p>\n<h1>Limitation de la responsabilit\u00e9<\/h1>\n<p>Nonobstant tout dommage que vous pourriez subir, l'enti\u00e8re responsabilit\u00e9 de la Soci\u00e9t\u00e9 et de ses fournisseurs en vertu de toute disposition des pr\u00e9sentes conditions et votre recours exclusif pour tout ce qui pr\u00e9c\u00e8de seront limit\u00e9s au montant effectivement pay\u00e9 par vous par l'interm\u00e9diaire du service ou \u00e0 100 USD si vous n'avez rien achet\u00e9 par l'interm\u00e9diaire du service.<\/p>\n<p>Dans la mesure maximale autoris\u00e9e par la loi applicable, la Soci\u00e9t\u00e9 ou ses fournisseurs ne pourront en aucun cas \u00eatre tenus responsables de tout dommage sp\u00e9cial, accessoire, indirect ou cons\u00e9cutif quel qu'il soit (y compris, mais sans s'y limiter, les dommages pour perte de b\u00e9n\u00e9fices, perte de donn\u00e9es ou d'autres informations, pour interruption d'activit\u00e9, pour pr\u00e9judice personnel, perte de confidentialit\u00e9 d\u00e9coulant de ou li\u00e9e de quelque mani\u00e8re que ce soit \u00e0 l'utilisation ou \u00e0 l'incapacit\u00e9 d'utiliser le service, les logiciels de tiers et\/ou le mat\u00e9riel de tiers utilis\u00e9s avec le service, ou autrement en relation avec toute disposition des pr\u00e9sentes conditions), m\u00eame si la soci\u00e9t\u00e9 ou tout fournisseur a \u00e9t\u00e9 inform\u00e9 de la possibilit\u00e9 de tels dommages et m\u00eame si le rem\u00e8de ne remplit pas son objectif essentiel.<\/p>\n<p>Certains \u00c9tats n'autorisent pas l'exclusion des garanties implicites ou la limitation de la responsabilit\u00e9 pour les dommages accessoires ou indirects, ce qui signifie que certaines des limitations ci-dessus peuvent ne pas s'appliquer. Dans ces \u00c9tats, la responsabilit\u00e9 de chaque partie sera limit\u00e9e dans toute la mesure permise par la loi.<\/p>\n<h1>Clause de non-responsabilit\u00e9 \"AS IS\" et \"AS DISPONIBLE\".<\/h1>\n<p>Le service vous est fourni \" TEL QUEL \" et \" TEL QUE DISPONIBLE \", avec tous les d\u00e9fauts et toutes les d\u00e9faillances, sans garantie d'aucune sorte. Dans toute la mesure permise par la loi applicable, la soci\u00e9t\u00e9, en son nom et au nom de ses soci\u00e9t\u00e9s affili\u00e9es et de leurs conc\u00e9dants de licence et fournisseurs de services respectifs, d\u00e9cline express\u00e9ment toute garantie, qu'elle soit expresse, implicite, statutaire ou autre, \u00e0 l'\u00e9gard du service, y compris toutes les garanties implicites de qualit\u00e9 marchande, d'ad\u00e9quation \u00e0 un usage particulier, de titre et d'absence de contrefa\u00e7on, ainsi que les garanties pouvant d\u00e9couler de la conduite habituelle des affaires, de l'ex\u00e9cution, de l'usage ou des pratiques commerciales. Sans limitation de ce qui pr\u00e9c\u00e8de, la Soci\u00e9t\u00e9 ne fournit aucune garantie ou engagement, et ne fait aucune d\u00e9claration de quelque nature que ce soit selon laquelle le Service r\u00e9pondra \u00e0 vos exigences, atteindra les r\u00e9sultats escompt\u00e9s, sera compatible ou fonctionnera avec tout autre logiciel, application, syst\u00e8me ou service, fonctionnera sans interruption, r\u00e9pondra \u00e0 toute norme de performance ou de fiabilit\u00e9 ou sera exempt d'erreur ou que toute erreur ou tout d\u00e9faut peut \u00eatre ou sera corrig\u00e9.<\/p>\n<p>Sans limiter la port\u00e9e de ce qui pr\u00e9c\u00e8de, ni la soci\u00e9t\u00e9 ni aucun de ses fournisseurs ne font de d\u00e9claration ou ne donnent de garantie de quelque nature que ce soit, expresse ou implicite : (i) quant au fonctionnement ou \u00e0 la disponibilit\u00e9 du service, ou des informations, du contenu et des mat\u00e9riaux ou produits qui y sont inclus ; (ii) quant au fait que le service sera ininterrompu ou exempt d'erreurs ; (iii) quant \u00e0 l'exactitude, la fiabilit\u00e9 ou l'actualit\u00e9 de toute information ou de tout contenu fourni par l'interm\u00e9diaire du service ; ou (iv) quant au fait que le service, ses serveurs, le contenu ou les courriers \u00e9lectroniques envoy\u00e9s par la soci\u00e9t\u00e9 ou en son nom sont exempts de virus, de scripts, de chevaux de Troie, de vers, de logiciels malveillants, de bombes \u00e0 retardement ou d'autres composants nocifs.<\/p>\n<p>Certaines juridictions n'autorisent pas l'exclusion de certains types de garanties ou de limitations sur les droits statutaires applicables d'un consommateur, de sorte que tout ou partie des exclusions et limitations ci-dessus peuvent ne pas s'appliquer \u00e0 Vous. Mais dans un tel cas, les exclusions et limitations \u00e9nonc\u00e9es dans la pr\u00e9sente section seront appliqu\u00e9es dans toute la mesure permise par la loi applicable.<\/p>\n<h1>Loi applicable<\/h1>\n<p>Les lois du pays, \u00e0 l'exclusion de ses r\u00e8gles de conflit de lois, r\u00e9gissent les pr\u00e9sentes conditions et votre utilisation du service. Votre utilisation de l'Application peut \u00e9galement \u00eatre soumise \u00e0 d'autres lois locales, \u00e9tatiques, nationales ou internationales.<\/p>\n<h1>R\u00e9solution des litiges<\/h1>\n<p>Si vous avez un quelconque souci ou un litige concernant le service, vous acceptez d'essayer d'abord de r\u00e9soudre le litige de mani\u00e8re informelle en contactant la soci\u00e9t\u00e9.<\/p>\n<h1>Pour les utilisateurs de l'Union europ\u00e9enne (UE)<\/h1>\n<p>Si vous \u00eates un consommateur de l'Union europ\u00e9enne, vous b\u00e9n\u00e9ficierez des dispositions obligatoires de la loi du pays dans lequel vous r\u00e9sidez.<\/p>\n<h1>Conformit\u00e9 juridique des \u00c9tats-Unis<\/h1>\n<p>Vous d\u00e9clarez et garantissez que (i) vous n'\u00eates pas situ\u00e9 dans un pays soumis \u00e0 l'embargo du gouvernement des \u00c9tats-Unis, ou qui a \u00e9t\u00e9 d\u00e9sign\u00e9 par le gouvernement des \u00c9tats-Unis comme un pays \" soutenant le terrorisme \", et (ii) vous ne figurez sur aucune liste de parties interdites ou restreintes du gouvernement des \u00c9tats-Unis.<\/p>\n<h1>Divisibilit\u00e9 et renonciation<\/h1>\n<h2>Divisibilit\u00e9<\/h2>\n<p>Si une disposition des pr\u00e9sentes Conditions est jug\u00e9e inapplicable ou invalide, cette disposition sera modifi\u00e9e et interpr\u00e9t\u00e9e de mani\u00e8re \u00e0 atteindre les objectifs de cette disposition dans toute la mesure du possible en vertu de la loi applicable et les autres dispositions resteront en vigueur.<\/p>\n<h2>Renonciation<\/h2>\n<p>Sauf dans les cas pr\u00e9vus par les pr\u00e9sentes, le fait de ne pas exercer un droit ou de ne pas exiger l'ex\u00e9cution d'une obligation en vertu des pr\u00e9sentes conditions n'affecte pas la capacit\u00e9 d'une partie \u00e0 exercer ce droit ou \u00e0 exiger cette ex\u00e9cution \u00e0 tout moment par la suite, et la renonciation \u00e0 une violation ne constitue pas une renonciation \u00e0 toute violation ult\u00e9rieure.<\/p>\n<h1>Traduction Interpr\u00e9tation<\/h1>\nLes pr\u00e9sentes conditions g\u00e9n\u00e9rales peuvent avoir \u00e9t\u00e9 traduites si nous les avons mises \u00e0 votre disposition sur notre service.<br \/>\nVous acceptez que le texte original en anglais pr\u00e9vale en cas de litige.\n<h1>Modifications des pr\u00e9sentes conditions g\u00e9n\u00e9rales<\/h1>\n<p>Nous nous r\u00e9servons le droit, \u00e0 notre seule discr\u00e9tion, de modifier ou de remplacer les pr\u00e9sentes conditions \u00e0 tout moment. Si une r\u00e9vision est importante, nous nous efforcerons de fournir un pr\u00e9avis d'au moins 30 jours avant l'entr\u00e9e en vigueur des nouvelles conditions. La d\u00e9finition de ce qui constitue une modification substantielle est laiss\u00e9e \u00e0 notre enti\u00e8re discr\u00e9tion.<\/p>\n<p>En continuant \u00e0 acc\u00e9der \u00e0 notre service ou \u00e0 l'utiliser apr\u00e8s l'entr\u00e9e en vigueur de ces r\u00e9visions, vous acceptez d'\u00eatre li\u00e9 par les conditions r\u00e9vis\u00e9es. Si vous n'acceptez pas les nouvelles conditions, en totalit\u00e9 ou en partie, veuillez cesser d'utiliser le site Web et le service.<\/p>\n<h1>Nous contacter<\/h1>\n<p>Si vous avez des questions sur les pr\u00e9sentes conditions g\u00e9n\u00e9rales, vous pouvez nous contacter :<\/p>\n<ul>\n<li>Par courrier \u00e9lectronique : info@tchh.org<\/li>\n<\/ul>","protected":false},"excerpt":{"rendered":"<p>Conditions g\u00e9n\u00e9rales Derni\u00e8re mise \u00e0 jour : 31 mai 2021 Veuillez lire attentivement les pr\u00e9sentes conditions g\u00e9n\u00e9rales avant d'utiliser notre service. Interpr\u00e9tation et d\u00e9finitions Interpr\u00e9tation Les mots dont la lettre initiale est en majuscule ont des significations d\u00e9finies dans les conditions suivantes. Les d\u00e9finitions suivantes ont la m\u00eame signification, qu'elles apparaissent au singulier ou au...<\/p>","protected":false},"author":1,"featured_media":0,"parent":0,"menu_order":0,"comment_status":"closed","ping_status":"closed","template":"","meta":{"_monsterinsights_skip_tracking":false,"_monsterinsights_sitenote_active":false,"_monsterinsights_sitenote_note":"","_monsterinsights_sitenote_category":0,"footnotes":""},"class_list":["post-32622","page","type-page","status-publish","hentry"],"_links":{"self":[{"href":"http:\/\/www.tchh.org\/fr\/wp-json\/wp\/v2\/pages\/32622","targetHints":{"allow":["GET"]}}],"collection":[{"href":"http:\/\/www.tchh.org\/fr\/wp-json\/wp\/v2\/pages"}],"about":[{"href":"http:\/\/www.tchh.org\/fr\/wp-json\/wp\/v2\/types\/page"}],"author":[{"embeddable":true,"href":"http:\/\/www.tchh.org\/fr\/wp-json\/wp\/v2\/users\/1"}],"replies":[{"embeddable":true,"href":"http:\/\/www.tchh.org\/fr\/wp-json\/wp\/v2\/comments?post=32622"}],"version-history":[{"count":2,"href":"http:\/\/www.tchh.org\/fr\/wp-json\/wp\/v2\/pages\/32622\/revisions"}],"predecessor-version":[{"id":32624,"href":"http:\/\/www.tchh.org\/fr\/wp-json\/wp\/v2\/pages\/32622\/revisions\/32624"}],"wp:attachment":[{"href":"http:\/\/www.tchh.org\/fr\/wp-json\/wp\/v2\/media?parent=32622"}],"curies":[{"name":"wp","href":"https:\/\/api.w.org\/{rel}","templated":true}]}}