{"id":31434,"date":"2021-03-16T19:52:30","date_gmt":"2021-03-16T19:52:30","guid":{"rendered":"http:\/\/www.tchh.org\/?page_id=31434"},"modified":"2021-06-25T16:50:20","modified_gmt":"2021-06-25T16:50:20","slug":"interview-with-founder","status":"publish","type":"page","link":"http:\/\/www.tchh.org\/fr\/interview-with-founder\/","title":{"rendered":"L'histoire de TCHH"},"content":{"rendered":"<h1>\n\t\tL'histoire de TCHH\n\t<\/h1>\n\t\n\t<p>Plus de 20 000 livres d'\u00e9quipement et de fournitures de r\u00e9adaptation ont \u00e9t\u00e9 transport\u00e9es avec des \u00e9quipes, chaque personne apportant jusqu'\u00e0 100 livres d'\u00e9quipement par voyage. D'autres cargaisons, dont une cabine insonoris\u00e9e (pour tester l'ou\u00efe), ont \u00e9t\u00e9 transport\u00e9es par voie maritime. Des milliers de livres de fauteuils roulants, de produits d'assise et d'\u00e9quipement de r\u00e9adaptation sont \u00e9galement envoy\u00e9s pour soutenir le travail de nos \u00e9quipes d'assise. Team Canada travaille avec des organismes locaux et a \u00e9tabli des partenariats permanents avec des ressources locales, des organismes de bienfaisance et des programmes communautaires dans chaque r\u00e9gion o\u00f9 nous travaillons.<\/p>\n<p>Team Canada Healing Hands Inc. est un organisme de bienfaisance canadien enregistr\u00e9 \u00e0 but non lucratif, qui se consacre \u00e0 l'\u00e9ducation, \u00e0 la formation et aux soins de r\u00e9adaptation dans les r\u00e9gions qui en ont besoin. Les b\u00e9n\u00e9voles sont des professionnels de la sant\u00e9 et du personnel de soutien qui travaillent toute l'ann\u00e9e \u00e0 la collecte de fonds et \u00e0 l'organisation de projets qui aboutissent g\u00e9n\u00e9ralement \u00e0 des missions intensives d'une \u00e0 quatre semaines \u00e0 l'\u00e9tranger. Depuis 2003, les volontaires ont voyag\u00e9 dans plus d'une douzaine de pays et ont fait des milliers de pr\u00e9sentations \u00e0 travers le monde. Bas\u00e9s \u00e0 Fredericton, au Nouveau-Brunswick, les volontaires viennent de toutes les r\u00e9gions du Canada, et m\u00eame des \u00c9tats-Unis et d'Europe. De nombreux b\u00e9n\u00e9voles sont des \"r\u00e9cidivistes\", la plupart d'entre eux ayant effectu\u00e9 trois voyages ou plus.<\/p>\n<p>Au cours de chaque voyage, les b\u00e9n\u00e9voles enseignent et aident \u00e0 dispenser des soins dans des cliniques de r\u00e9adaptation, des cliniques de proth\u00e8ses et d'orth\u00e8ses, des cliniques d'orthophonie et de l'ou\u00efe, des h\u00f4pitaux et des orphelinats. Ils donnent aussi des cours de th\u00e9rapie de r\u00e9adaptation, de r\u00e9adaptation auditive, de sant\u00e9 publique, de soins et de sujets m\u00e9dicaux\/\u00e9ducatifs sp\u00e9cialis\u00e9s. Nos b\u00e9n\u00e9voles sont des professionnels et des \u00e9tudiants ou \u00e9tudiantes de tous horizons ayant une exp\u00e9rience ou une capacit\u00e9 \u00e0 soutenir la m\u00e9decine et l'\u00e9ducation en mati\u00e8re de r\u00e9adaptation. Sur le terrain, les soir\u00e9es et les fins de semaine  sont consacr\u00e9es \u00e0 la pr\u00e9paration des \u00e9quipements et des programmes pour les jours \u00e0 venir, \u00e0 la participation \u00e0 des \u00e9v\u00e9nements culturels, \u00e0 des d\u00e9briefings d'\u00e9quipe et \u00e0 l'apprentissage de notre pays d'accueil.<\/p>\n\t<p>Votre int\u00e9r\u00eat et votre soutien sont ce qui maintient notre organisation active. Nous continuons \u00e0 faire progresser nos services et \u00e0 nous rendre dans de nouvelles communaut\u00e9s dans le besoin.<\/p>\n<p>Merci de nous aider dans notre d\u00e9marche.<\/p>\n<p>&nbsp;<\/p>\n\n\n\t\t\t\t<img decoding=\"async\" src=\"http:\/\/www.tchh.org\/wp-content\/uploads\/2021\/06\/01-head-shot.jpg\" alt=\"01 Head Shot\" itemprop=\"image\" title=\"01 Head Shot\" onerror=\"this.style.display='none'\"  \/>","protected":false},"excerpt":{"rendered":"<p>L'histoire de TCHH Plus de 20 000 livres d'\u00e9quipements et de fournitures de r\u00e9\u00e9ducation ont \u00e9t\u00e9 transport\u00e9s par des \u00e9quipes, chaque individu apportant jusqu'\u00e0 100 livres d'\u00e9quipement par voyage. D'autres cargaisons, dont une cabine insonoris\u00e9e (pour tester l'audition), ont \u00e9t\u00e9 transport\u00e9es par voie maritime. Des milliers de kilos de fauteuils roulants, de si\u00e8ges et de mat\u00e9riel de r\u00e9\u00e9ducation...<\/p>","protected":false},"author":1,"featured_media":31314,"parent":0,"menu_order":0,"comment_status":"closed","ping_status":"closed","template":"","meta":{"_monsterinsights_skip_tracking":false,"_monsterinsights_sitenote_active":false,"_monsterinsights_sitenote_note":"","_monsterinsights_sitenote_category":0,"footnotes":""},"class_list":["post-31434","page","type-page","status-publish","has-post-thumbnail","hentry"],"_links":{"self":[{"href":"http:\/\/www.tchh.org\/fr\/wp-json\/wp\/v2\/pages\/31434","targetHints":{"allow":["GET"]}}],"collection":[{"href":"http:\/\/www.tchh.org\/fr\/wp-json\/wp\/v2\/pages"}],"about":[{"href":"http:\/\/www.tchh.org\/fr\/wp-json\/wp\/v2\/types\/page"}],"author":[{"embeddable":true,"href":"http:\/\/www.tchh.org\/fr\/wp-json\/wp\/v2\/users\/1"}],"replies":[{"embeddable":true,"href":"http:\/\/www.tchh.org\/fr\/wp-json\/wp\/v2\/comments?post=31434"}],"version-history":[{"count":15,"href":"http:\/\/www.tchh.org\/fr\/wp-json\/wp\/v2\/pages\/31434\/revisions"}],"predecessor-version":[{"id":33248,"href":"http:\/\/www.tchh.org\/fr\/wp-json\/wp\/v2\/pages\/31434\/revisions\/33248"}],"wp:featuredmedia":[{"embeddable":true,"href":"http:\/\/www.tchh.org\/fr\/wp-json\/wp\/v2\/media\/31314"}],"wp:attachment":[{"href":"http:\/\/www.tchh.org\/fr\/wp-json\/wp\/v2\/media?parent=31434"}],"curies":[{"name":"wp","href":"https:\/\/api.w.org\/{rel}","templated":true}]}}