{"id":31324,"date":"2021-03-14T22:47:12","date_gmt":"2021-03-14T22:47:12","guid":{"rendered":"http:\/\/www.tchh.org\/?page_id=31324"},"modified":"2021-06-25T13:20:48","modified_gmt":"2021-06-25T13:20:48","slug":"donate","status":"publish","type":"page","link":"http:\/\/www.tchh.org\/fr\/donate\/","title":{"rendered":"Faire un don"},"content":{"rendered":"<h2>\n\t\tFaites un don maintenant\n\t<\/h2>\n<h2>\n\t\tDonner l'ind\u00e9pendance\n\t<\/h2>\n\t<h4><strong>Pour donner \u00e0 l'\u00c9quipe Canada Mains gu\u00e9risseuses<\/strong><\/h4>\n<p><strong>\"Donate Now<\/strong> fait un don unique<\/p>\n<p><strong>\"Don mensuel\"<\/strong> donne un montant souhait\u00e9 automatiquement chaque mois.<\/p>\n<p>S\u00e9lectionnez\u00a0 <strong>\"Fonds g\u00e9n\u00e9ral TCHH\"<\/strong> dans le menu d\u00e9roulant<\/p>\n<p>&nbsp;<\/p>\n<h4><strong>Pour donner \u00e0 une \u00e9quipe sp\u00e9cifique<\/strong><\/h4>\nS\u00e9lectionnez le nom de l'\u00e9quipe dans le menu d\u00e9roulant<br \/>\n&nbsp;\n<h4><\/h4>\n<h4><strong>Pour donner \u00e0 une personne sp\u00e9cifique<\/strong><\/h4>\n<p>S\u00e9lectionnez le nom de l'\u00e9quipe avec laquelle ils travaillent dans le menu d\u00e9roulant.<\/p>\n<p>Tapez leur nom dans la zone de message.<\/p>\n<p>&nbsp;<\/p>\n\t<p>Nous ne prenons que du mat\u00e9riel et des fournitures neufs ou presque neufs. Les besoins varient d'une \u00e9quipe \u00e0 l'autre et d\u00e9pendent de la mission sp\u00e9cifique sur laquelle nous travaillons. Pour l'instant, nous n'avons pas d'entrep\u00f4t pour les \u00e9quipements et les fournitures.<\/p>\n<p>Veuillez nous contacter si vous avez du mat\u00e9riel et des fournitures \u00e0 donner. Merci !<\/p>\n\t\t\t<a href=\"\/fr\/info@tchh.org\/\" target=\"_blank\" role=\"button\" rel=\"noopener\">\n\t\t\t\t\t\t\tNous contacter\n\t\t\t\t\t<\/a>","protected":false},"excerpt":{"rendered":"<p>Don Now Give Independence Pour donner \u00e0 Team Canada Healing Hands \"Donate Now\" donne un don unique \"Donate Monthly\" donne un montant d\u00e9sir\u00e9 automatiquement chaque mois. S\u00e9lectionnez \"General TCHH Fund\" dans le menu d\u00e9roulant Pour donner \u00e0 une \u00e9quipe sp\u00e9cifique S\u00e9lectionnez le nom de l'\u00e9quipe dans le menu d\u00e9roulant Pour donner \u00e0...<\/p>","protected":false},"author":1,"featured_media":0,"parent":0,"menu_order":0,"comment_status":"closed","ping_status":"closed","template":"","meta":{"_monsterinsights_skip_tracking":false,"_monsterinsights_sitenote_active":false,"_monsterinsights_sitenote_note":"","_monsterinsights_sitenote_category":0,"footnotes":""},"class_list":["post-31324","page","type-page","status-publish","hentry"],"_links":{"self":[{"href":"http:\/\/www.tchh.org\/fr\/wp-json\/wp\/v2\/pages\/31324","targetHints":{"allow":["GET"]}}],"collection":[{"href":"http:\/\/www.tchh.org\/fr\/wp-json\/wp\/v2\/pages"}],"about":[{"href":"http:\/\/www.tchh.org\/fr\/wp-json\/wp\/v2\/types\/page"}],"author":[{"embeddable":true,"href":"http:\/\/www.tchh.org\/fr\/wp-json\/wp\/v2\/users\/1"}],"replies":[{"embeddable":true,"href":"http:\/\/www.tchh.org\/fr\/wp-json\/wp\/v2\/comments?post=31324"}],"version-history":[{"count":82,"href":"http:\/\/www.tchh.org\/fr\/wp-json\/wp\/v2\/pages\/31324\/revisions"}],"predecessor-version":[{"id":33245,"href":"http:\/\/www.tchh.org\/fr\/wp-json\/wp\/v2\/pages\/31324\/revisions\/33245"}],"wp:attachment":[{"href":"http:\/\/www.tchh.org\/fr\/wp-json\/wp\/v2\/media?parent=31324"}],"curies":[{"name":"wp","href":"https:\/\/api.w.org\/{rel}","templated":true}]}}