{"id":31322,"date":"2021-03-14T22:47:01","date_gmt":"2021-03-14T22:47:01","guid":{"rendered":"http:\/\/www.tchh.org\/?page_id=31322"},"modified":"2021-07-05T13:33:07","modified_gmt":"2021-07-05T13:33:07","slug":"blog","status":"publish","type":"page","link":"http:\/\/www.tchh.org\/fr\/blog\/","title":{"rendered":"Blog"},"content":{"rendered":"<p>Histoires de TCHH<\/p>\n\t<meta itemscope itemprop=\"mainEntityOfPage\" itemtype=\"https:\/\/schema.org\/WebPage\" itemid=\"https:\/\/www.tchh.org\/seating-team-in-nepal\/\" content=\"Seating Team in Nepal\" \/><meta itemprop=\"datePublished\" content=\"2021-06-30\" \/><meta itemprop=\"dateModified\" content=\"2021-06-30\" \/><meta itemprop=\"name\" content=\"Team Canada Healing Hands\"\/><meta itemprop=\"url\" content=\"http:\/\/www.tchh.org\/wp-content\/uploads\/2021\/05\/Team-Canada-Healing-Hands-Horizontal-outlines-200px.png\"\/><meta itemprop=\"url\" content=\"https:\/\/www.tchh.org\/author\/brenda\/\" \/><meta itemprop=\"name\" content=\"Brenda MacAlpine\" \/><meta itemprop=\"url\" content=\"https:\/\/www.tchh.org\/wp-content\/uploads\/2021\/06\/2015-Nepal-seating-clinic.jpg\" \/><meta itemprop=\"width\" content=\"504\" \/><meta itemprop=\"height\" content=\"404\" \/><meta itemprop=\"interactionType\" content=\"https:\/\/schema.org\/CommentAction\" \/><meta itemprop=\"userInteractionCount\" content=\"0\" \/>\n\t\t\t\t<a href=\"http:\/\/www.tchh.org\/fr\/seating-team-in-nepal\/\" target=\"_self\" itemprop=\"url\" rel=\"noopener\">\n\t\t\t\t<img decoding=\"async\" src=\"https:\/\/www.tchh.org\/wp-content\/uploads\/bb-plugin\/cache\/2015-Nepal-seating-clinic-square.jpg\" alt=\"Clinique d&#039;assise 2015 au N\u00e9pal\" itemprop=\"image\" data-no-lazy=\"1\" height=\"404\" width=\"504\" title=\"Clinique d&#039;assise 2015 au N\u00e9pal\" onerror=\"this.style.display='none'\"  \/>\n\t\t\t\t<\/a>\n\t\t\t\t\t\t\t\t\t<h4 itemprop=\"headline\">\n\t\t\t\t\t\t\t\t\t\t\t\t\t<a href=\"http:\/\/www.tchh.org\/fr\/seating-team-in-nepal\/\" title=\"L&#039;\u00e9quipe des si\u00e8ges au N\u00e9pal\">\n\t\t\t\t\t\t\t\t\t\t\t\t\t\tL'\u00e9quipe des si\u00e8ges au N\u00e9pal\t\t\t\t\t\t\t\t\t\t\t\t\t<\/a>\n\t\t\t\t\t\t\t\t\t\t\t<\/h4>\n\t\t\t\t\t\tPar <a href=\"https:\/\/www.tchh.org\/fr\/author\/brenda\/\">Brenda MacAlpine<\/a>\t\t\t\t\t\t\n    Auteur : Brenda MacAlpine Ergoth\u00e9rapeute On me demande souvent si je vais au m\u00eame endroit \u00e0 plusieurs reprises avec un si\u00e8ge...\n    <a href=\"http:\/\/www.tchh.org\/fr\/seating-team-in-nepal\/\" title=\"L&#039;\u00e9quipe des si\u00e8ges au N\u00e9pal\">Lire la suite<\/a>\n\t<meta itemscope itemprop=\"mainEntityOfPage\" itemtype=\"https:\/\/schema.org\/WebPage\" itemid=\"https:\/\/www.tchh.org\/lisa-test\/\" content=\"Hearing and Communication Team partnering with the ORLO Foundation\" \/><meta itemprop=\"datePublished\" content=\"2021-06-27\" \/><meta itemprop=\"dateModified\" content=\"2021-07-05\" \/><meta itemprop=\"name\" content=\"Team Canada Healing Hands\"\/><meta itemprop=\"url\" content=\"http:\/\/www.tchh.org\/wp-content\/uploads\/2021\/05\/Team-Canada-Healing-Hands-Horizontal-outlines-200px.png\"\/><meta itemprop=\"url\" content=\"https:\/\/www.tchh.org\/author\/annie\/\" \/><meta itemprop=\"name\" content=\"Annie Giasson\" \/><meta itemprop=\"url\" content=\"https:\/\/www.tchh.org\/wp-content\/uploads\/2021\/05\/image3.jpg\" \/><meta itemprop=\"width\" content=\"640\" \/><meta itemprop=\"height\" content=\"480\" \/><meta itemprop=\"interactionType\" content=\"https:\/\/schema.org\/CommentAction\" \/><meta itemprop=\"userInteractionCount\" content=\"0\" \/>\n\t\t\t\t<a href=\"http:\/\/www.tchh.org\/fr\/lisa-test\/\" target=\"_self\" itemprop=\"url\" rel=\"noopener\">\n\t\t\t\t<img decoding=\"async\" src=\"https:\/\/www.tchh.org\/wp-content\/uploads\/bb-plugin\/cache\/image3-square.jpg\" alt=\"image3\" itemprop=\"image\" data-no-lazy=\"1\" height=\"480\" width=\"640\" title=\"image3\" onerror=\"this.style.display='none'\"  \/>\n\t\t\t\t<\/a>\n\t\t\t\t\t\t\t\t\t<h4 itemprop=\"headline\">\n\t\t\t\t\t\t\t\t\t\t\t\t\t<a href=\"http:\/\/www.tchh.org\/fr\/lisa-test\/\" title=\"\u00c9quipe charg\u00e9e de l&#039;audition et de la communication en partenariat avec la Fondation ORLO\">\n\t\t\t\t\t\t\t\t\t\t\t\t\t\t\u00c9quipe charg\u00e9e de l'audition et de la communication en partenariat avec la Fondation ORLO\t\t\t\t\t\t\t\t\t\t\t\t\t<\/a>\n\t\t\t\t\t\t\t\t\t\t\t<\/h4>\n\t\t\t\t\t\tPar <a href=\"https:\/\/www.tchh.org\/fr\/author\/annie\/\">Annie Giasson<\/a>\t\t\t\t\t\t\n    Le partenaire principal du projet d'audition et de communication de TCHH est d\u00e9sormais la fondation ORLO avec laquelle une collaboration a \u00e9t\u00e9 mise en place et sign\u00e9e en...\n    <a href=\"http:\/\/www.tchh.org\/fr\/lisa-test\/\" title=\"\u00c9quipe charg\u00e9e de l&#039;audition et de la communication en partenariat avec la Fondation ORLO\">Lire la suite<\/a>\n\t<meta itemscope itemprop=\"mainEntityOfPage\" itemtype=\"https:\/\/schema.org\/WebPage\" itemid=\"https:\/\/www.tchh.org\/occupational-therapy-in-sarajevo\/\" content=\"Occupational Therapy in Sarajevo\" \/><meta itemprop=\"datePublished\" content=\"2021-06-17\" \/><meta itemprop=\"dateModified\" content=\"2021-06-17\" \/><meta itemprop=\"name\" content=\"Team Canada Healing Hands\"\/><meta itemprop=\"url\" content=\"http:\/\/www.tchh.org\/wp-content\/uploads\/2021\/05\/Team-Canada-Healing-Hands-Horizontal-outlines-200px.png\"\/><meta itemprop=\"url\" content=\"https:\/\/www.tchh.org\/author\/deb\/\" \/><meta itemprop=\"name\" content=\"Deborah Kean\" \/><meta itemprop=\"url\" content=\"https:\/\/www.tchh.org\/wp-content\/uploads\/2021\/06\/FB_IMG_1621986793999.jpg\" \/><meta itemprop=\"width\" content=\"1080\" \/><meta itemprop=\"height\" content=\"810\" \/><meta itemprop=\"interactionType\" content=\"https:\/\/schema.org\/CommentAction\" \/><meta itemprop=\"userInteractionCount\" content=\"0\" \/>\n\t\t\t\t<a href=\"http:\/\/www.tchh.org\/fr\/occupational-therapy-in-sarajevo\/\" target=\"_self\" itemprop=\"url\" rel=\"noopener\">\n\t\t\t\t<img decoding=\"async\" src=\"https:\/\/www.tchh.org\/wp-content\/uploads\/bb-plugin\/cache\/FB_IMG_1621986793999-1024x768-square.jpg\" alt=\"sarajevo OT story\" itemprop=\"image\" data-no-lazy=\"1\" height=\"768\" width=\"1024\" title=\"sarajevo OT story\" onerror=\"this.style.display='none'\"  \/>\n\t\t\t\t<\/a>\n\t\t\t\t\t\t\t\t\t<h4 itemprop=\"headline\">\n\t\t\t\t\t\t\t\t\t\t\t\t\t<a href=\"http:\/\/www.tchh.org\/fr\/occupational-therapy-in-sarajevo\/\" title=\"Ergoth\u00e9rapie \u00e0 Sarajevo\">\n\t\t\t\t\t\t\t\t\t\t\t\t\t\tErgoth\u00e9rapie \u00e0 Sarajevo\t\t\t\t\t\t\t\t\t\t\t\t\t<\/a>\n\t\t\t\t\t\t\t\t\t\t\t<\/h4>\n\t\t\t\t\t\tPar <a href=\"https:\/\/www.tchh.org\/fr\/author\/deb\/\">Deborah Kean<\/a>\t\t\t\t\t\t\n    Apr\u00e8s notre premi\u00e8re mission \u00e0 Sarajevo, il nous est apparu clairement qu'il y avait un manque g\u00e9n\u00e9ral de sensibilisation et de connaissance de l'adaptation...\n    <a href=\"http:\/\/www.tchh.org\/fr\/occupational-therapy-in-sarajevo\/\" title=\"Ergoth\u00e9rapie \u00e0 Sarajevo\">Lire la suite<\/a>\n\t<meta itemscope itemprop=\"mainEntityOfPage\" itemtype=\"https:\/\/schema.org\/WebPage\" itemid=\"https:\/\/www.tchh.org\/deaf-school-teacher-training-teams-experiences-in-3-countries\/\" content=\"Deaf Education Team&#8217;s Experiences in 3 Countries\" \/><meta itemprop=\"datePublished\" content=\"2021-06-08\" \/><meta itemprop=\"dateModified\" content=\"2021-06-30\" \/><meta itemprop=\"name\" content=\"Team Canada Healing Hands\"\/><meta itemprop=\"url\" content=\"http:\/\/www.tchh.org\/wp-content\/uploads\/2021\/05\/Team-Canada-Healing-Hands-Horizontal-outlines-200px.png\"\/><meta itemprop=\"url\" content=\"https:\/\/www.tchh.org\/author\/karen-ms\/\" \/><meta itemprop=\"name\" content=\"Karen Mackenzie Stepner\" \/><meta itemprop=\"url\" content=\"https:\/\/www.tchh.org\/wp-content\/uploads\/2021\/06\/image1-1.jpg\" \/><meta itemprop=\"width\" content=\"960\" \/><meta itemprop=\"height\" content=\"720\" \/><meta itemprop=\"interactionType\" content=\"https:\/\/schema.org\/CommentAction\" \/><meta itemprop=\"userInteractionCount\" content=\"0\" \/>\n\t\t\t\t<a href=\"http:\/\/www.tchh.org\/fr\/deaf-school-teacher-training-teams-experiences-in-3-countries\/\" target=\"_self\" itemprop=\"url\" rel=\"noopener\">\n\t\t\t\t<img decoding=\"async\" src=\"https:\/\/www.tchh.org\/wp-content\/uploads\/bb-plugin\/cache\/image1-1-square.jpg\" alt=\"image1\" itemprop=\"image\" data-no-lazy=\"1\" height=\"720\" width=\"960\" title=\"image1\" onerror=\"this.style.display='none'\"  \/>\n\t\t\t\t<\/a>\n\t\t\t\t\t\t\t\t\t<h4 itemprop=\"headline\">\n\t\t\t\t\t\t\t\t\t\t\t\t\t<a href=\"http:\/\/www.tchh.org\/fr\/deaf-school-teacher-training-teams-experiences-in-3-countries\/\" title=\"Exp\u00e9riences de l&#039;\u00e9quipe d&#039;\u00e9ducation des sourds dans 3 pays\">\n\t\t\t\t\t\t\t\t\t\t\t\t\t\tExp\u00e9riences de l'\u00e9quipe d'\u00e9ducation des sourds dans 3 pays\t\t\t\t\t\t\t\t\t\t\t\t\t<\/a>\n\t\t\t\t\t\t\t\t\t\t\t<\/h4>\n\t\t\t\t\t\tPar <a href=\"https:\/\/www.tchh.org\/fr\/author\/karen-ms\/\">Karen Mackenzie Stepner<\/a>\t\t\t\t\t\t\n    Enseigner l'alphab\u00e9tisation peut \u00eatre difficile dans une seule langue, mais lorsque vous devez enseigner l'alphab\u00e9tisation en langue des signes guat\u00e9malt\u00e8que, en espagnol et en...\n    <a href=\"http:\/\/www.tchh.org\/fr\/deaf-school-teacher-training-teams-experiences-in-3-countries\/\" title=\"Exp\u00e9riences de l&#039;\u00e9quipe d&#039;\u00e9ducation des sourds dans 3 pays\">Lire la suite<\/a>\n\t<meta itemscope itemprop=\"mainEntityOfPage\" itemtype=\"https:\/\/schema.org\/WebPage\" itemid=\"https:\/\/www.tchh.org\/the-rewards-of-working-with-others\/\" content=\"The Rewards of Working with Others\" \/><meta itemprop=\"datePublished\" content=\"2021-06-04\" \/><meta itemprop=\"dateModified\" content=\"2021-06-08\" \/><meta itemprop=\"name\" content=\"Team Canada Healing Hands\"\/><meta itemprop=\"url\" content=\"http:\/\/www.tchh.org\/wp-content\/uploads\/2021\/05\/Team-Canada-Healing-Hands-Horizontal-outlines-200px.png\"\/><meta itemprop=\"url\" content=\"https:\/\/www.tchh.org\/author\/karen-ms\/\" \/><meta itemprop=\"name\" content=\"Karen Mackenzie Stepner\" \/><meta itemprop=\"url\" content=\"https:\/\/www.tchh.org\/wp-content\/uploads\/2021\/06\/Peru-Deaf-School-Signing-4.jpg\" \/><meta itemprop=\"width\" content=\"976\" \/><meta itemprop=\"height\" content=\"1452\" \/><meta itemprop=\"interactionType\" content=\"https:\/\/schema.org\/CommentAction\" \/><meta itemprop=\"userInteractionCount\" content=\"0\" \/>\n\t\t\t\t<a href=\"http:\/\/www.tchh.org\/fr\/the-rewards-of-working-with-others\/\" target=\"_self\" itemprop=\"url\" rel=\"noopener\">\n\t\t\t\t<img decoding=\"async\" src=\"https:\/\/www.tchh.org\/wp-content\/uploads\/bb-plugin\/cache\/Peru-Deaf-School-Signing-4-688x1024-square.jpg\" alt=\"\u00c9cole des sourds du P\u00e9rou Signing 4\" itemprop=\"image\" data-no-lazy=\"1\" height=\"1024\" width=\"688\" title=\"\u00c9cole des sourds du P\u00e9rou Signing 4\" onerror=\"this.style.display='none'\"  \/>\n\t\t\t\t<\/a>\n\t\t\t\t\t\t\t\t\t<h4 itemprop=\"headline\">\n\t\t\t\t\t\t\t\t\t\t\t\t\t<a href=\"http:\/\/www.tchh.org\/fr\/the-rewards-of-working-with-others\/\" title=\"Les avantages du travail en \u00e9quipe\">\n\t\t\t\t\t\t\t\t\t\t\t\t\t\tLes avantages du travail en \u00e9quipe\t\t\t\t\t\t\t\t\t\t\t\t\t<\/a>\n\t\t\t\t\t\t\t\t\t\t\t<\/h4>\n\t\t\t\t\t\tPar <a href=\"https:\/\/www.tchh.org\/fr\/author\/karen-ms\/\">Karen Mackenzie Stepner<\/a>\t\t\t\t\t\t\n    Les \u00e9tudiants de l'\u00e9cole pour sourds de Pacullpa, au P\u00e9rou, ont voulu partager leur culture et leur nourriture avec l'\u00e9quipe. Nous avons eu un apr\u00e8s-midi amusant...\n    <a href=\"http:\/\/www.tchh.org\/fr\/the-rewards-of-working-with-others\/\" title=\"Les avantages du travail en \u00e9quipe\">Lire la suite<\/a>\n\t<meta itemscope itemprop=\"mainEntityOfPage\" itemtype=\"https:\/\/schema.org\/WebPage\" itemid=\"https:\/\/www.tchh.org\/making-it-work-2\/\" content=\"Fun Times\" \/><meta itemprop=\"datePublished\" content=\"2021-06-04\" \/><meta itemprop=\"dateModified\" content=\"2021-06-30\" \/><meta itemprop=\"name\" content=\"Team Canada Healing Hands\"\/><meta itemprop=\"url\" content=\"http:\/\/www.tchh.org\/wp-content\/uploads\/2021\/05\/Team-Canada-Healing-Hands-Horizontal-outlines-200px.png\"\/><meta itemprop=\"url\" content=\"https:\/\/www.tchh.org\/author\/karen-ms\/\" \/><meta itemprop=\"name\" content=\"Karen Mackenzie Stepner\" \/><meta itemprop=\"url\" content=\"https:\/\/www.tchh.org\/wp-content\/uploads\/2021\/06\/Peru-Deaf-School-Signing-17.jpg\" \/><meta itemprop=\"width\" content=\"1500\" \/><meta itemprop=\"height\" content=\"1000\" \/><meta itemprop=\"interactionType\" content=\"https:\/\/schema.org\/CommentAction\" \/><meta itemprop=\"userInteractionCount\" content=\"0\" \/>\n\t\t\t\t<a href=\"http:\/\/www.tchh.org\/fr\/making-it-work-2\/\" target=\"_self\" itemprop=\"url\" rel=\"noopener\">\n\t\t\t\t<img decoding=\"async\" src=\"https:\/\/www.tchh.org\/wp-content\/uploads\/bb-plugin\/cache\/Peru-Deaf-School-Signing-17-1024x683-square.jpg\" alt=\"\u00c9cole des sourds du P\u00e9rou Signing 17\" itemprop=\"image\" data-no-lazy=\"1\" height=\"683\" width=\"1024\" title=\"\u00c9cole des sourds du P\u00e9rou Signing 17\" onerror=\"this.style.display='none'\"  \/>\n\t\t\t\t<\/a>\n\t\t\t\t\t\t\t\t\t<h4 itemprop=\"headline\">\n\t\t\t\t\t\t\t\t\t\t\t\t\t<a href=\"http:\/\/www.tchh.org\/fr\/making-it-work-2\/\" title=\"Fun Times\">\n\t\t\t\t\t\t\t\t\t\t\t\t\t\tFun Times\t\t\t\t\t\t\t\t\t\t\t\t\t<\/a>\n\t\t\t\t\t\t\t\t\t\t\t<\/h4>\n\t\t\t\t\t\tPar <a href=\"https:\/\/www.tchh.org\/fr\/author\/karen-ms\/\">Karen Mackenzie Stepner<\/a>\t\t\t\t\t\t\n    Dans l'\u00e9cole de San Cristobel Verapez, les enseignants aident les \u00e9l\u00e8ves entendants \u00e0 apprendre la langue des signes afin qu'ils puissent communiquer avec les sourds...\n    <a href=\"http:\/\/www.tchh.org\/fr\/making-it-work-2\/\" title=\"Fun Times\">Lire la suite<\/a>\n\t<meta itemscope itemprop=\"mainEntityOfPage\" itemtype=\"https:\/\/schema.org\/WebPage\" itemid=\"https:\/\/www.tchh.org\/making-it-work\/\" content=\"Making It Work\" \/><meta itemprop=\"datePublished\" content=\"2021-06-04\" \/><meta itemprop=\"dateModified\" content=\"2021-06-08\" \/><meta itemprop=\"name\" content=\"Team Canada Healing Hands\"\/><meta itemprop=\"url\" content=\"http:\/\/www.tchh.org\/wp-content\/uploads\/2021\/05\/Team-Canada-Healing-Hands-Horizontal-outlines-200px.png\"\/><meta itemprop=\"url\" content=\"https:\/\/www.tchh.org\/author\/karen-ms\/\" \/><meta itemprop=\"name\" content=\"Karen Mackenzie Stepner\" \/><meta itemprop=\"url\" content=\"https:\/\/www.tchh.org\/wp-content\/uploads\/2021\/06\/Peru-Deaf-School-Signing-11.jpg\" \/><meta itemprop=\"width\" content=\"950\" \/><meta itemprop=\"height\" content=\"1268\" \/><meta itemprop=\"interactionType\" content=\"https:\/\/schema.org\/CommentAction\" \/><meta itemprop=\"userInteractionCount\" content=\"0\" \/>\n\t\t\t\t<a href=\"http:\/\/www.tchh.org\/fr\/making-it-work\/\" target=\"_self\" itemprop=\"url\" rel=\"noopener\">\n\t\t\t\t<img decoding=\"async\" src=\"https:\/\/www.tchh.org\/wp-content\/uploads\/bb-plugin\/cache\/Peru-Deaf-School-Signing-11-767x1024-square.jpg\" alt=\"\u00c9cole des sourds du P\u00e9rou Signing 11\" itemprop=\"image\" data-no-lazy=\"1\" height=\"1024\" width=\"767\" title=\"\u00c9cole des sourds du P\u00e9rou Signing 11\" onerror=\"this.style.display='none'\"  \/>\n\t\t\t\t<\/a>\n\t\t\t\t\t\t\t\t\t<h4 itemprop=\"headline\">\n\t\t\t\t\t\t\t\t\t\t\t\t\t<a href=\"http:\/\/www.tchh.org\/fr\/making-it-work\/\" title=\"Faire en sorte que \u00e7a marche\">\n\t\t\t\t\t\t\t\t\t\t\t\t\t\tFaire en sorte que \u00e7a marche\t\t\t\t\t\t\t\t\t\t\t\t\t<\/a>\n\t\t\t\t\t\t\t\t\t\t\t<\/h4>\n\t\t\t\t\t\tPar <a href=\"https:\/\/www.tchh.org\/fr\/author\/karen-ms\/\">Karen Mackenzie Stepner<\/a>\t\t\t\t\t\t\n    Lors de notre voyage d'\u00e9quipe au P\u00e9rou, nous avons rendu visite \u00e0 certaines familles qui vivaient dans des communaut\u00e9s situ\u00e9es \u00e0 l'ext\u00e9rieur de Lima. Nous avons pris un train de m\u00e9tro...\n    <a href=\"http:\/\/www.tchh.org\/fr\/making-it-work\/\" title=\"Faire en sorte que \u00e7a marche\">Lire la suite<\/a>\n\t<meta itemscope itemprop=\"mainEntityOfPage\" itemtype=\"https:\/\/schema.org\/WebPage\" itemid=\"https:\/\/www.tchh.org\/learning-sign-language\/\" content=\"Learning Sign Language in Central America\" \/><meta itemprop=\"datePublished\" content=\"2021-06-04\" \/><meta itemprop=\"dateModified\" content=\"2021-06-30\" \/><meta itemprop=\"name\" content=\"Team Canada Healing Hands\"\/><meta itemprop=\"url\" content=\"http:\/\/www.tchh.org\/wp-content\/uploads\/2021\/05\/Team-Canada-Healing-Hands-Horizontal-outlines-200px.png\"\/><meta itemprop=\"url\" content=\"https:\/\/www.tchh.org\/author\/karen-ms\/\" \/><meta itemprop=\"name\" content=\"Karen Mackenzie Stepner\" \/><meta itemprop=\"url\" content=\"https:\/\/www.tchh.org\/wp-content\/uploads\/2021\/05\/Deaf-School-signing-1.jpg\" \/><meta itemprop=\"width\" content=\"1885\" \/><meta itemprop=\"height\" content=\"1508\" \/><meta itemprop=\"interactionType\" content=\"https:\/\/schema.org\/CommentAction\" \/><meta itemprop=\"userInteractionCount\" content=\"0\" \/>\n\t\t\t\t<a href=\"http:\/\/www.tchh.org\/fr\/learning-sign-language\/\" target=\"_self\" itemprop=\"url\" rel=\"noopener\">\n\t\t\t\t<img decoding=\"async\" src=\"https:\/\/www.tchh.org\/wp-content\/uploads\/bb-plugin\/cache\/Deaf-School-signing-1-1024x819-square.jpg\" alt=\"\u00c9cole des sourds - signature 1\" itemprop=\"image\" data-no-lazy=\"1\" height=\"819\" width=\"1024\" title=\"\u00c9cole des sourds - signature 1\" onerror=\"this.style.display='none'\"  \/>\n\t\t\t\t<\/a>\n\t\t\t\t\t\t\t\t\t<h4 itemprop=\"headline\">\n\t\t\t\t\t\t\t\t\t\t\t\t\t<a href=\"http:\/\/www.tchh.org\/fr\/learning-sign-language\/\" title=\"Apprendre la langue des signes en Am\u00e9rique centrale\">\n\t\t\t\t\t\t\t\t\t\t\t\t\t\tApprendre la langue des signes en Am\u00e9rique centrale\t\t\t\t\t\t\t\t\t\t\t\t\t<\/a>\n\t\t\t\t\t\t\t\t\t\t\t<\/h4>\n\t\t\t\t\t\tPar <a href=\"https:\/\/www.tchh.org\/fr\/author\/karen-ms\/\">Karen Mackenzie Stepner<\/a>\t\t\t\t\t\t\n    Des \u00e9l\u00e8ves sourds plus \u00e2g\u00e9s de l'Escuela De Educaci\u00f3n Especial Y Centro De Rehabilitaci\u00f3n Integral Edecri \u00e0 Coban, au Guatemala, aident les \u00e9l\u00e8ves plus jeunes \u00e0 apprendre les signes...\n    <a href=\"http:\/\/www.tchh.org\/fr\/learning-sign-language\/\" title=\"Apprendre la langue des signes en Am\u00e9rique centrale\">Lire la suite<\/a>\n\t<meta itemscope itemprop=\"mainEntityOfPage\" itemtype=\"https:\/\/schema.org\/WebPage\" itemid=\"https:\/\/www.tchh.org\/blog-nine-2\/\" content=\"Changing Lives in Uganda\" \/><meta itemprop=\"datePublished\" content=\"2021-05-27\" \/><meta itemprop=\"dateModified\" content=\"2021-07-01\" \/><meta itemprop=\"name\" content=\"Team Canada Healing Hands\"\/><meta itemprop=\"url\" content=\"http:\/\/www.tchh.org\/wp-content\/uploads\/2021\/05\/Team-Canada-Healing-Hands-Horizontal-outlines-200px.png\"\/><meta itemprop=\"url\" content=\"https:\/\/www.tchh.org\/author\/kirsten\/\" \/><meta itemprop=\"name\" content=\"Kirsten Jones\" \/><meta itemprop=\"url\" content=\"https:\/\/www.tchh.org\/wp-content\/uploads\/2021\/05\/Uganda-Empowering-Individuals-1.jpg\" \/><meta itemprop=\"width\" content=\"462\" \/><meta itemprop=\"height\" content=\"640\" \/><meta itemprop=\"interactionType\" content=\"https:\/\/schema.org\/CommentAction\" \/><meta itemprop=\"userInteractionCount\" content=\"0\" \/>\n\t\t\t\t<a href=\"http:\/\/www.tchh.org\/fr\/blog-nine-2\/\" target=\"_self\" itemprop=\"url\" rel=\"noopener\">\n\t\t\t\t<img decoding=\"async\" src=\"https:\/\/www.tchh.org\/wp-content\/uploads\/bb-plugin\/cache\/Uganda-Empowering-Individuals-1-square.jpg\" alt=\"L&#039;Ouganda donne du pouvoir aux individus 1\" itemprop=\"image\" data-no-lazy=\"1\" height=\"640\" width=\"462\" title=\"L&#039;Ouganda donne du pouvoir aux individus 1\" onerror=\"this.style.display='none'\"  \/>\n\t\t\t\t<\/a>\n\t\t\t\t\t\t\t\t\t<h4 itemprop=\"headline\">\n\t\t\t\t\t\t\t\t\t\t\t\t\t<a href=\"http:\/\/www.tchh.org\/fr\/blog-nine-2\/\" title=\"Changer des vies en Ouganda\">\n\t\t\t\t\t\t\t\t\t\t\t\t\t\tChanger des vies en Ouganda\t\t\t\t\t\t\t\t\t\t\t\t\t<\/a>\n\t\t\t\t\t\t\t\t\t\t\t<\/h4>\n\t\t\t\t\t\tPar <a href=\"https:\/\/www.tchh.org\/fr\/author\/kirsten\/\">Kirsten Jones<\/a>\t\t\t\t\t\t\n    Membre de l'\u00e9quipe des si\u00e8gesEn Ouganda, nous avons eu l'occasion de travailler avec ce jeune homme.  Il avait 21 ans et passait toute sa journ\u00e9e dans son...\n    <a href=\"http:\/\/www.tchh.org\/fr\/blog-nine-2\/\" title=\"Changer des vies en Ouganda\">Lire la suite<\/a>\n\t\t\t\t<ul class='page-numbers'>\n\t<li>1<\/li>\n\t<li><a href=\"http:\/\/www.tchh.org\/fr\/blog\/\">2<\/a><\/li>\n\t<li><a href=\"http:\/\/www.tchh.org\/fr\/blog\/\">Suivant \"<\/a><\/li>\n<\/ul>\n\t\t\t\t\t<a href=\"#\">\n\t\t\t\t\tCharger plus\n\t\t\t\t\t<img decoding=\"async\" src=\"https:\/\/www.tchh.org\/wp-content\/plugins\/bbpowerpack\/assets\/images\/spinner.gif\" alt=\"chargeur\" \/><\/a>\n\t\t<!-- .pp-content-posts -->","protected":false},"excerpt":{"rendered":"<p>Histoires de TCHH L'\u00e9quipe des si\u00e8ges au N\u00e9pal Par Brenda MacAlpine Auteur : Brenda MacAlpine Ergoth\u00e9rapeute On me demande souvent si je me rends au m\u00eame endroit \u00e0 plusieurs reprises avec une \u00e9quipe de si\u00e8ges... En savoir plus L'\u00e9quipe d'audition et de communication en partenariat avec la Fondation ORLO Par Annie Giasson Le principal partenaire de l'\u00e9quipe d'audition et de communication de TCHH...<\/p>","protected":false},"author":1,"featured_media":0,"parent":0,"menu_order":0,"comment_status":"closed","ping_status":"closed","template":"","meta":{"_monsterinsights_skip_tracking":false,"_monsterinsights_sitenote_active":false,"_monsterinsights_sitenote_note":"","_monsterinsights_sitenote_category":0,"footnotes":""},"class_list":["post-31322","page","type-page","status-publish","hentry"],"_links":{"self":[{"href":"http:\/\/www.tchh.org\/fr\/wp-json\/wp\/v2\/pages\/31322","targetHints":{"allow":["GET"]}}],"collection":[{"href":"http:\/\/www.tchh.org\/fr\/wp-json\/wp\/v2\/pages"}],"about":[{"href":"http:\/\/www.tchh.org\/fr\/wp-json\/wp\/v2\/types\/page"}],"author":[{"embeddable":true,"href":"http:\/\/www.tchh.org\/fr\/wp-json\/wp\/v2\/users\/1"}],"replies":[{"embeddable":true,"href":"http:\/\/www.tchh.org\/fr\/wp-json\/wp\/v2\/comments?post=31322"}],"version-history":[{"count":32,"href":"http:\/\/www.tchh.org\/fr\/wp-json\/wp\/v2\/pages\/31322\/revisions"}],"predecessor-version":[{"id":33271,"href":"http:\/\/www.tchh.org\/fr\/wp-json\/wp\/v2\/pages\/31322\/revisions\/33271"}],"wp:attachment":[{"href":"http:\/\/www.tchh.org\/fr\/wp-json\/wp\/v2\/media?parent=31322"}],"curies":[{"name":"wp","href":"https:\/\/api.w.org\/{rel}","templated":true}]}}