{"id":31320,"date":"2021-03-14T22:46:52","date_gmt":"2021-03-14T22:46:52","guid":{"rendered":"http:\/\/www.tchh.org\/?page_id=31320"},"modified":"2023-01-11T22:10:50","modified_gmt":"2023-01-11T22:10:50","slug":"volunteer","status":"publish","type":"page","link":"http:\/\/www.tchh.org\/fr\/volunteer\/","title":{"rendered":"B\u00e9n\u00e9volat"},"content":{"rendered":"<h1>\n\t\tB\u00e9n\u00e9volat\n\t<\/h1>\n\tQuelle est l'essence de la vie?<br \/>\nServir les autres et faire le bien.<br \/>\n~ Aristote\n\t\t\t\t<img decoding=\"async\" src=\"http:\/\/www.tchh.org\/wp-content\/uploads\/2021\/06\/Volunteer-sucess.jpg\" alt=\"Succ\u00e8s des b\u00e9n\u00e9voles\" itemprop=\"image\" title=\"Succ\u00e8s des b\u00e9n\u00e9voles\" onerror=\"this.style.display='none'\"  \/>\n\t<p>Le succ\u00e8s de notre organisation d\u00e9pend de nos b\u00e9n\u00e9voles.<\/p>\n\t<p>Il existe de nombreuses fa\u00e7ons de s'impliquer, que ce soit en nous vous joignant \u00e0 nous en tant que professionnel de la r\u00e9adaptation ou travailleur de soutien lors d'un voyage ou en aidant \u00e0 la planification, \u00e0 la collecte de fonds ou aux t\u00e2ches administratives ici. Nos besoins en mati\u00e8re de b\u00e9n\u00e9volat d\u00e9pendent du voyage en question. C'est pourquoi il est important de v\u00e9rifier ici et sur notre <a href=\"https:\/\/www.facebook.com\/Team-Canada-Healing-Hands-187973517904811\/\">Page Facebook<\/a> r\u00e9guli\u00e8rement pour garder un \u0153il sur les postes de b\u00e9n\u00e9voles disponibles.<\/p>\n<h2>\n\t\tCe que cela co\u00fbte\n\t<\/h2>\n\t<p>Les co\u00fbts doivent \u00eatre enti\u00e8rement couverts par le b\u00e9n\u00e9vole et peuvent varier entre 2000$ et 4000 $ selon la dur\u00e9e du voyage et la destination de l'\u00e9quipe. Nous pouvons vous aider \u00e0 trouver des id\u00e9es de collecte de fonds. De nombreux b\u00e9n\u00e9voles collectent suffisamment d'argent pour couvrir enti\u00e8rement leurs d\u00e9penses. Les voyages peuvent durer de 1 \u00e0 4 semaines selon l'\u00e9quipe.<\/p>\n<p>Les co\u00fbts comprennent, sans s'y limiter : le billet d'avion, l'h\u00e9bergement, le transport terrestre et les repas. Les frais suppl\u00e9mentaires tels que les vaccins, le passeport, les achats de souvenirs locaux et les \u00e9v\u00e9nements culturels sont \u00e9galement \u00e0 la charge de chaque membre de l'\u00e9quipe.<\/p>\n<h2>\n\t\tPostes de b\u00e9n\u00e9voles disponibles\n\t<\/h2>\n\t<meta itemscope itemprop=\"mainEntityOfPage\" itemtype=\"https:\/\/schema.org\/WebPage\" itemid=\"https:\/\/www.tchh.org\/volunteers-needed-for-the-wheelchair-seating-team\/\" content=\"PT&#8217;s, OT&#8217;s (with Wheelchair Experience) and Seating Techs Needed\" \/><meta itemprop=\"datePublished\" content=\"2022-09-12\" \/><meta itemprop=\"dateModified\" content=\"2022-09-12\" \/><meta itemprop=\"name\" content=\"Team Canada Healing Hands\"\/><meta itemprop=\"url\" content=\"https:\/\/www.tchh.org\/wp-content\/uploads\/2021\/07\/Team-Canada-Healing-Hands-Horizontal-outlines-200px-for-website.png\"\/><meta itemprop=\"url\" content=\"https:\/\/www.tchh.org\/author\/brenda\/\" \/><meta itemprop=\"name\" content=\"Brenda MacAlpine\" \/><meta itemprop=\"interactionType\" content=\"https:\/\/schema.org\/CommentAction\" \/><meta itemprop=\"userInteractionCount\" content=\"0\" \/>\n\t\t\t\t\t\t\t\t\t<h4 itemprop=\"headline\">\n\t\t\t\t\t\t\t\t\t\t\t\t\t<a href=\"http:\/\/www.tchh.org\/fr\/volunteers-needed-for-the-wheelchair-seating-team\/\" title=\"Besoin de PT, OT (avec exp\u00e9rience en fauteuil roulant) et de techniciens de si\u00e8ge\">\n\t\t\t\t\t\t\t\t\t\t\t\t\t\tPhysioth\u00e9rapeutes, ergoth\u00e9rapeutes recherch\u00e9s (avec exp\u00e9rience en fauteuil roulant) et techniciens de si\u00e8ge\t\t\t\t\t\t\t\t\t\t\t\t\t<\/a>\n\t\t\t\t\t\t\t\t\t\t\t<\/h4>\n\t\t\t12 septembre 2022\t\t\t\t\t\t\n    <a href=\"http:\/\/www.tchh.org\/fr\/volunteers-needed-for-the-wheelchair-seating-team\/\" title=\"Besoin de PT, OT (avec exp\u00e9rience en fauteuil roulant) et de techniciens de si\u00e8ge\">Lire la suite<\/a>\n\t<meta itemscope itemprop=\"mainEntityOfPage\" itemtype=\"https:\/\/schema.org\/WebPage\" itemid=\"https:\/\/www.tchh.org\/blog-three\/\" content=\"Educators and Therapists needed for the Deaf Schools Teacher Training Team\" \/><meta itemprop=\"datePublished\" content=\"2022-09-12\" \/><meta itemprop=\"dateModified\" content=\"2022-10-03\" \/><meta itemprop=\"name\" content=\"Team Canada Healing Hands\"\/><meta itemprop=\"url\" content=\"https:\/\/www.tchh.org\/wp-content\/uploads\/2021\/07\/Team-Canada-Healing-Hands-Horizontal-outlines-200px-for-website.png\"\/><meta itemprop=\"url\" content=\"https:\/\/www.tchh.org\/author\/karen-ms\/\" \/><meta itemprop=\"name\" content=\"Karen MacKenzie-Stepner\" \/><meta itemprop=\"interactionType\" content=\"https:\/\/schema.org\/CommentAction\" \/><meta itemprop=\"userInteractionCount\" content=\"0\" \/>\n\t\t\t\t\t\t\t\t\t<h4 itemprop=\"headline\">\n\t\t\t\t\t\t\t\t\t\t\t\t\t<a href=\"https:\/\/www.tchh.org\/fr\/blog-three\/\" title=\"On recherche des \u00e9ducateurs et des th\u00e9rapeutes pour l&#039;\u00e9quipe de formation des enseignants des \u00e9coles pour sourds.\">\n\t\t\t\t\t\t\t\t\t\t\t\t\t\tOn recherche des \u00e9ducateurs et des th\u00e9rapeutes pour l'\u00e9quipe de formation des enseignants des \u00e9coles pour sourds.\t\t\t\t\t\t\t\t\t\t\t\t\t<\/a>\n\t\t\t\t\t\t\t\t\t\t\t<\/h4>\n\t\t\t12 septembre 2022\t\t\t\t\t\t\n    <a href=\"https:\/\/www.tchh.org\/fr\/blog-three\/\" title=\"On recherche des \u00e9ducateurs et des th\u00e9rapeutes pour l&#039;\u00e9quipe de formation des enseignants des \u00e9coles pour sourds.\">Lire la suite<\/a>\n\t<meta itemscope itemprop=\"mainEntityOfPage\" itemtype=\"https:\/\/schema.org\/WebPage\" itemid=\"https:\/\/www.tchh.org\/volunteers-for-the-hearing-and-communication-team\/\" content=\"SLP&#8217;s, Audiologists and Audioprosthetists Needed\" \/><meta itemprop=\"datePublished\" content=\"2021-05-01\" \/><meta itemprop=\"dateModified\" content=\"2021-07-05\" \/><meta itemprop=\"name\" content=\"Team Canada Healing Hands\"\/><meta itemprop=\"url\" content=\"https:\/\/www.tchh.org\/wp-content\/uploads\/2021\/07\/Team-Canada-Healing-Hands-Horizontal-outlines-200px-for-website.png\"\/><meta itemprop=\"url\" content=\"https:\/\/www.tchh.org\/author\/annie\/\" \/><meta itemprop=\"name\" content=\"Annie Giasson\" \/><meta itemprop=\"interactionType\" content=\"https:\/\/schema.org\/CommentAction\" \/><meta itemprop=\"userInteractionCount\" content=\"0\" \/>\n\t\t\t\t\t\t\t\t\t<h4 itemprop=\"headline\">\n\t\t\t\t\t\t\t\t\t\t\t\t\t<a href=\"http:\/\/www.tchh.org\/fr\/volunteers-for-the-hearing-and-communication-team\/\" title=\"Nous recherchons des orthophonistes, des audiologistes et des audioproth\u00e9sistes.\">\n\t\t\t\t\t\t\t\t\t\t\t\t\t\tNous recherchons des orthophonistes, des audiologistes et des audioproth\u00e9sistes.\t\t\t\t\t\t\t\t\t\t\t\t\t<\/a>\n\t\t\t\t\t\t\t\t\t\t\t<\/h4>\n\t\t\t1er mai 2021\t\t\t\t\t\t\n    <a href=\"http:\/\/www.tchh.org\/fr\/volunteers-for-the-hearing-and-communication-team\/\" title=\"Nous recherchons des orthophonistes, des audiologistes et des audioproth\u00e9sistes.\">Lire la suite<\/a>\n\t\t<!-- .pp-content-posts -->","protected":false},"excerpt":{"rendered":"<p>Volontariat Quelle est l'essence de la vie ? Servir les autres et faire le bien. ~ Aristote Le succ\u00e8s de notre organisation d\u00e9pend de nos b\u00e9n\u00e9voles. Il existe de nombreuses fa\u00e7ons de s'impliquer, que ce soit en nous rejoignant en tant que professionnel de la r\u00e9adaptation ou travailleur de soutien lors d'un voyage, ou en nous aidant \u00e0 la planification, \u00e0 la collecte de fonds ou aux t\u00e2ches administratives \u00e0 domicile.<\/p>","protected":false},"author":1,"featured_media":0,"parent":0,"menu_order":0,"comment_status":"closed","ping_status":"closed","template":"","meta":{"_monsterinsights_skip_tracking":false,"_monsterinsights_sitenote_active":false,"_monsterinsights_sitenote_note":"","_monsterinsights_sitenote_category":0,"footnotes":""},"class_list":["post-31320","page","type-page","status-publish","hentry"],"_links":{"self":[{"href":"http:\/\/www.tchh.org\/fr\/wp-json\/wp\/v2\/pages\/31320","targetHints":{"allow":["GET"]}}],"collection":[{"href":"http:\/\/www.tchh.org\/fr\/wp-json\/wp\/v2\/pages"}],"about":[{"href":"http:\/\/www.tchh.org\/fr\/wp-json\/wp\/v2\/types\/page"}],"author":[{"embeddable":true,"href":"http:\/\/www.tchh.org\/fr\/wp-json\/wp\/v2\/users\/1"}],"replies":[{"embeddable":true,"href":"http:\/\/www.tchh.org\/fr\/wp-json\/wp\/v2\/comments?post=31320"}],"version-history":[{"count":57,"href":"http:\/\/www.tchh.org\/fr\/wp-json\/wp\/v2\/pages\/31320\/revisions"}],"predecessor-version":[{"id":33404,"href":"http:\/\/www.tchh.org\/fr\/wp-json\/wp\/v2\/pages\/31320\/revisions\/33404"}],"wp:attachment":[{"href":"http:\/\/www.tchh.org\/fr\/wp-json\/wp\/v2\/media?parent=31320"}],"curies":[{"name":"wp","href":"https:\/\/api.w.org\/{rel}","templated":true}]}}