{"id":31318,"date":"2021-03-14T22:46:41","date_gmt":"2021-03-14T22:46:41","guid":{"rendered":"http:\/\/www.tchh.org\/?page_id=31318"},"modified":"2023-01-11T22:09:08","modified_gmt":"2023-01-11T22:09:08","slug":"about-tchh","status":"publish","type":"page","link":"http:\/\/www.tchh.org\/fr\/about-tchh\/","title":{"rendered":"A propos de TCHH"},"content":{"rendered":"<h1>\n\t\tCr\u00e9er l'inclusion\n\t<\/h1>\n<h2>\n\t\tD\u00e9claration de mission\n\t<\/h2>\n\t<p>Fournir et d\u00e9velopper des traitements de r\u00e9adaptation, de l'\u00e9ducation et de la formation dans les r\u00e9gions qui en ont besoin.<\/p>\n<h2>\n\t\tNotre mandat\n\t<\/h2>\n\t<p>Organiser et mener des projets internationaux de sensibilisation \u00e0 la r\u00e9adaptation, en mettant l'accent sur la formation, dans les regions identifi\u00e9es comme pr\u00e9sentant un besoin.<\/p>\n<hr \/>\n<p>Accro\u00eetre l'\u00e9ducation sur les handicaps et la r\u00e9adaptation dans les r\u00e9gions sous-d\u00e9velopp\u00e9es et en d\u00e9veloppement.<\/p>\n<hr \/>\n<p>Fournir un soutien, par le biais de partenariats avec des organisations non gouvernementales dans les domaines o\u00f9 le besoin s'en fait sentir, aux enfants et aux adultes handicap\u00e9s afin qu'ils puissent b\u00e9n\u00e9ficier d'une \u00e9ducation et de soins de r\u00e9adaptation.<\/p>\n\t\t\t\t<img decoding=\"async\" src=\"http:\/\/www.tchh.org\/wp-content\/uploads\/2021\/05\/SQUARE.jpeg\" alt=\"SQUARE\" itemprop=\"image\" title=\"SQUARE\" onerror=\"this.style.display='none'\"  \/>\n<h2>\n\t\tL'origine de TCHH\n\t<\/h2>\n\t<p>D\u00e9couvrez comment TCHH a commenc\u00e9 et o\u00f9 nous allons maintenant.<\/p>\n\t\t\t<a href=\"http:\/\/www.tchh.org\/fr\/about-tchh\/interview-with-founder\/\" target=\"_self\" role=\"button\" rel=\"noopener\">\n\t\t\t\t\t\t\tEn savoir plus\n\t\t\t\t\t<\/a>\n<h2>\n\t\tConseil d'administration\n\t<\/h2>\n<p>Team Canada Healing Hands est un organisme sans but lucratif enregistr\u00e9 dans la province du Nouveau-Brunswick, et un organisme de bienfaisance canadien enregistr\u00e9. Le conseil d'administration est \u00e9lu au cours d\u2019une r\u00e9union annuelle.<\/p>\n<p><b>Pr\u00e9sidente <\/b>- Colleen O'Connell<\/p>\n<p><b>Vice-pr\u00e9sidente <\/b>- Karen Mallet<\/p>\n<p><b>Tr\u00e9sorier <\/b>- Andrew Craik<\/p>\n<p><b>Secr\u00e9taire<\/b> - Brenda MacAlpine<\/p>\n<p><strong>Directrice de la communication<\/strong> - Karen MacKenzie-Stepner<\/p>\n<p><b>Membres actifs<\/b> - Ruth Duggan, Deborah Kean, Gilles Boudreau<\/p>\n\t\t\t<a href=\"http:\/\/www.tchh.org\/fr\/our-services\/\" target=\"_self\" role=\"button\" rel=\"noopener\">\n\t\t\t\t\t\t\tEn savoir plus\n\t\t\t\t\t<\/a>\n\t\t\t\t<img decoding=\"async\" src=\"http:\/\/www.tchh.org\/wp-content\/uploads\/2021\/04\/Board-of-Directors.jpg\" alt=\"Conseil d&#039;administration\" itemprop=\"image\" title=\"Conseil d&#039;administration\" onerror=\"this.style.display='none'\"  \/>\n<h2>\n\t\tPartager notre voyage\n\t<\/h2>\n<h2>\n\t\tPublications du TCHH\n\t<\/h2>\n\t<meta itemscope itemprop=\"mainEntityOfPage\" itemtype=\"https:\/\/schema.org\/WebPage\" itemid=\"https:\/\/www.tchh.org\/meeting-the-challenges-of-spinal-cord-injury-care-following-sudden-onset-disaster-lessons-learned\/\" content=\"Meeting the Challenges of Spinal Cord Injury Care Following Sudden Onset Disaster - Lessons Learned.\" \/><meta itemprop=\"datePublished\" content=\"2021-05-13\" \/><meta itemprop=\"dateModified\" content=\"2021-05-13\" \/><meta itemprop=\"name\" content=\"Team Canada Healing Hands\"\/><meta itemprop=\"url\" content=\"https:\/\/www.tchh.org\/wp-content\/uploads\/2021\/07\/Team-Canada-Healing-Hands-Horizontal-outlines-200px-for-website.png\"\/><meta itemprop=\"url\" content=\"https:\/\/www.tchh.org\/author\/tchhLisa\/\" \/><meta itemprop=\"name\" content=\"tchhLisa\" \/><meta itemprop=\"interactionType\" content=\"https:\/\/schema.org\/CommentAction\" \/><meta itemprop=\"userInteractionCount\" content=\"0\" \/>\n\t\t\t\t\t\t\t\t\t<h5 itemprop=\"headline\">\n\t\t\t\t\t\t\t\t\t\t\t\t\t<a href=\"http:\/\/www.tchh.org\/fr\/meeting-the-challenges-of-spinal-cord-injury-care-following-sudden-onset-disaster-lessons-learned\/\" title=\"Relever les d\u00e9fis du traitement des l\u00e9sions de la moelle \u00e9pini\u00e8re apr\u00e8s une catastrophe soudaine - le\u00e7ons apprises.\">\n\t\t\t\t\t\t\t\t\t\t\t\t\t\tRelever les d\u00e9fis du traitement des l\u00e9sions de la moelle \u00e9pini\u00e8re apr\u00e8s une catastrophe soudaine - le\u00e7ons apprises.\t\t\t\t\t\t\t\t\t\t\t\t\t<\/a>\n\t\t\t\t\t\t\t\t\t\t\t<\/h5>\n    L'am\u00e9lioration de la r\u00e9ponse aux catastrophes a conduit \u00e0 des taux de survie plus \u00e9lev\u00e9s et \u00e0 un nombre croissant de blessures par rapport aux d\u00e9c\u00e8s (rapport blessures\/d\u00e9c\u00e8s). Les r\u00e9cents tremblements de terre,...\n    <a href=\"http:\/\/www.tchh.org\/fr\/meeting-the-challenges-of-spinal-cord-injury-care-following-sudden-onset-disaster-lessons-learned\/\" title=\"Relever les d\u00e9fis du traitement des l\u00e9sions de la moelle \u00e9pini\u00e8re apr\u00e8s une catastrophe soudaine - le\u00e7ons apprises.\">Lire la suite<\/a>\n\t<meta itemscope itemprop=\"mainEntityOfPage\" itemtype=\"https:\/\/schema.org\/WebPage\" itemid=\"https:\/\/www.tchh.org\/the-challenge-of-spinal-cord-injury-care-in-the-developing-world\/\" content=\"The challenge of spinal cord injury care in the developing world.\" \/><meta itemprop=\"datePublished\" content=\"2021-05-13\" \/><meta itemprop=\"dateModified\" content=\"2021-06-21\" \/><meta itemprop=\"name\" content=\"Team Canada Healing Hands\"\/><meta itemprop=\"url\" content=\"https:\/\/www.tchh.org\/wp-content\/uploads\/2021\/07\/Team-Canada-Healing-Hands-Horizontal-outlines-200px-for-website.png\"\/><meta itemprop=\"url\" content=\"https:\/\/www.tchh.org\/author\/tchhLisa\/\" \/><meta itemprop=\"name\" content=\"tchhLisa\" \/><meta itemprop=\"interactionType\" content=\"https:\/\/schema.org\/CommentAction\" \/><meta itemprop=\"userInteractionCount\" content=\"0\" \/>\n\t\t\t\t\t\t\t\t\t<h5 itemprop=\"headline\">\n\t\t\t\t\t\t\t\t\t\t\t\t\t<a href=\"http:\/\/www.tchh.org\/fr\/the-challenge-of-spinal-cord-injury-care-in-the-developing-world\/\" title=\"Le d\u00e9fi de la prise en charge des l\u00e9sions de la moelle \u00e9pini\u00e8re dans les pays en d\u00e9veloppement.\">\n\t\t\t\t\t\t\t\t\t\t\t\t\t\tLe d\u00e9fi de la prise en charge des l\u00e9sions de la moelle \u00e9pini\u00e8re dans les pays en d\u00e9veloppement.\t\t\t\t\t\t\t\t\t\t\t\t\t<\/a>\n\t\t\t\t\t\t\t\t\t\t\t<\/h5>\n    De grands progr\u00e8s ont \u00e9t\u00e9 r\u00e9alis\u00e9s dans la r\u00e9duction de la morbidit\u00e9 et de la mortalit\u00e9 suite \u00e0 une l\u00e9sion de la moelle \u00e9pini\u00e8re (LM) et dans l'am\u00e9lioration de la sant\u00e9 \u00e0 long terme et de la participation \u00e0 la vie de la...\n    <a href=\"http:\/\/www.tchh.org\/fr\/the-challenge-of-spinal-cord-injury-care-in-the-developing-world\/\" title=\"Le d\u00e9fi de la prise en charge des l\u00e9sions de la moelle \u00e9pini\u00e8re dans les pays en d\u00e9veloppement.\">Lire la suite<\/a>\n\t<meta itemscope itemprop=\"mainEntityOfPage\" itemtype=\"https:\/\/schema.org\/WebPage\" itemid=\"https:\/\/www.tchh.org\/spinal-cord-injury-in-postearthquake-haiti-lessons-learned-and-future-needs\/\" content=\"Spinal Cord Injury in Postearthquake Haiti: Lessons Learned and Future Needs.\" \/><meta itemprop=\"datePublished\" content=\"2021-05-13\" \/><meta itemprop=\"dateModified\" content=\"2021-06-01\" \/><meta itemprop=\"name\" content=\"Team Canada Healing Hands\"\/><meta itemprop=\"url\" content=\"https:\/\/www.tchh.org\/wp-content\/uploads\/2021\/07\/Team-Canada-Healing-Hands-Horizontal-outlines-200px-for-website.png\"\/><meta itemprop=\"url\" content=\"https:\/\/www.tchh.org\/author\/tchhLisa\/\" \/><meta itemprop=\"name\" content=\"tchhLisa\" \/><meta itemprop=\"interactionType\" content=\"https:\/\/schema.org\/CommentAction\" \/><meta itemprop=\"userInteractionCount\" content=\"0\" \/>\n\t\t\t\t\t\t\t\t\t<h5 itemprop=\"headline\">\n\t\t\t\t\t\t\t\t\t\t\t\t\t<a href=\"http:\/\/www.tchh.org\/fr\/spinal-cord-injury-in-postearthquake-haiti-lessons-learned-and-future-needs\/\" title=\"L\u00e9sions de la moelle \u00e9pini\u00e8re en Ha\u00efti apr\u00e8s le tremblement de terre : Le\u00e7ons apprises et besoins futurs.\">\n\t\t\t\t\t\t\t\t\t\t\t\t\t\tL\u00e9sions de la moelle \u00e9pini\u00e8re en Ha\u00efti apr\u00e8s le tremblement de terre : Le\u00e7ons apprises et besoins futurs.\t\t\t\t\t\t\t\t\t\t\t\t\t<\/a>\n\t\t\t\t\t\t\t\t\t\t\t<\/h5>\n    Avant le tremblement de terre, Ha\u00efti \u00e9tait la nation la plus pauvre de l'h\u00e9misph\u00e8re occidental et se classait au 149e rang de l'indice de d\u00e9veloppement humain 2009. Le syst\u00e8me de sant\u00e9 existant...\n    <a href=\"http:\/\/www.tchh.org\/fr\/spinal-cord-injury-in-postearthquake-haiti-lessons-learned-and-future-needs\/\" title=\"L\u00e9sions de la moelle \u00e9pini\u00e8re en Ha\u00efti apr\u00e8s le tremblement de terre : Le\u00e7ons apprises et besoins futurs.\">Lire la suite<\/a>\n\t<meta itemscope itemprop=\"mainEntityOfPage\" itemtype=\"https:\/\/schema.org\/WebPage\" itemid=\"https:\/\/www.tchh.org\/best-practice-guidelines-on-surgical-response-in-disasters-and-humanitarian-emergencies\/\" content=\"Best Practice Guidelines on Surgical Response in Disasters and Humanitarian Emergencies.\" \/><meta itemprop=\"datePublished\" content=\"2021-05-13\" \/><meta itemprop=\"dateModified\" content=\"2021-07-05\" \/><meta itemprop=\"name\" content=\"Team Canada Healing Hands\"\/><meta itemprop=\"url\" content=\"https:\/\/www.tchh.org\/wp-content\/uploads\/2021\/07\/Team-Canada-Healing-Hands-Horizontal-outlines-200px-for-website.png\"\/><meta itemprop=\"url\" content=\"https:\/\/www.tchh.org\/author\/tchhLisa\/\" \/><meta itemprop=\"name\" content=\"tchhLisa\" \/><meta itemprop=\"interactionType\" content=\"https:\/\/schema.org\/CommentAction\" \/><meta itemprop=\"userInteractionCount\" content=\"0\" \/>\n\t\t\t\t\t\t\t\t\t<h5 itemprop=\"headline\">\n\t\t\t\t\t\t\t\t\t\t\t\t\t<a href=\"http:\/\/www.tchh.org\/fr\/best-practice-guidelines-on-surgical-response-in-disasters-and-humanitarian-emergencies\/\" title=\"Guide des meilleures pratiques en mati\u00e8re d&#039;intervention chirurgicale lors de catastrophes et d&#039;urgences humanitaires.\">\n\t\t\t\t\t\t\t\t\t\t\t\t\t\tGuide des meilleures pratiques en mati\u00e8re d'intervention chirurgicale lors de catastrophes et d'urgences humanitaires.\t\t\t\t\t\t\t\t\t\t\t\t\t<\/a>\n\t\t\t\t\t\t\t\t\t\t\t<\/h5>\n    Lors du Sommet de l'action humanitaire 2011, des lignes directrices sur les meilleures pratiques ont \u00e9t\u00e9 propos\u00e9es afin d'assurer une plus grande responsabilisation et une plus grande normalisation des efforts d'aide humanitaire chirurgicale. Lire la suite\n    <a href=\"http:\/\/www.tchh.org\/fr\/best-practice-guidelines-on-surgical-response-in-disasters-and-humanitarian-emergencies\/\" title=\"Guide des meilleures pratiques en mati\u00e8re d&#039;intervention chirurgicale lors de catastrophes et d&#039;urgences humanitaires.\">Lire la suite<\/a>\n\t<meta itemscope itemprop=\"mainEntityOfPage\" itemtype=\"https:\/\/schema.org\/WebPage\" itemid=\"https:\/\/www.tchh.org\/post-earthquake-haiti-the-critical-role-for-rehabilitation-services-following-a-humanitarian-crisis\/\" content=\"Post-earthquake Haiti: The Critical role for Rehabilitation Services Following a Humanitarian Crisis.\" \/><meta itemprop=\"datePublished\" content=\"2021-05-13\" \/><meta itemprop=\"dateModified\" content=\"2021-07-05\" \/><meta itemprop=\"name\" content=\"Team Canada Healing Hands\"\/><meta itemprop=\"url\" content=\"https:\/\/www.tchh.org\/wp-content\/uploads\/2021\/07\/Team-Canada-Healing-Hands-Horizontal-outlines-200px-for-website.png\"\/><meta itemprop=\"url\" content=\"https:\/\/www.tchh.org\/author\/tchhLisa\/\" \/><meta itemprop=\"name\" content=\"tchhLisa\" \/><meta itemprop=\"interactionType\" content=\"https:\/\/schema.org\/CommentAction\" \/><meta itemprop=\"userInteractionCount\" content=\"0\" \/>\n\t\t\t\t\t\t\t\t\t<h5 itemprop=\"headline\">\n\t\t\t\t\t\t\t\t\t\t\t\t\t<a href=\"http:\/\/www.tchh.org\/fr\/post-earthquake-haiti-the-critical-role-for-rehabilitation-services-following-a-humanitarian-crisis\/\" title=\"Ha\u00efti apr\u00e8s le tremblement de terre : Le r\u00f4le critique des services de r\u00e9habilitation apr\u00e8s une crise humanitaire.\">\n\t\t\t\t\t\t\t\t\t\t\t\t\t\tHa\u00efti apr\u00e8s le tremblement de terre : Le r\u00f4le critique des services de r\u00e9habilitation apr\u00e8s une crise humanitaire.\t\t\t\t\t\t\t\t\t\t\t\t\t<\/a>\n\t\t\t\t\t\t\t\t\t\t\t<\/h5>\n    Nous partageons nos exp\u00e9riences de travail en Ha\u00efti apr\u00e8s le tremblement de terre, et soulignons que cet \u00e9v\u00e9nement a permis de sensibiliser \u00e0 l'importance cruciale de fournir des services de r\u00e9adaptation...\n    <a href=\"http:\/\/www.tchh.org\/fr\/post-earthquake-haiti-the-critical-role-for-rehabilitation-services-following-a-humanitarian-crisis\/\" title=\"Ha\u00efti apr\u00e8s le tremblement de terre : Le r\u00f4le critique des services de r\u00e9habilitation apr\u00e8s une crise humanitaire.\">Lire la suite<\/a>\n\t<meta itemscope itemprop=\"mainEntityOfPage\" itemtype=\"https:\/\/schema.org\/WebPage\" itemid=\"https:\/\/www.tchh.org\/consensus-statements-regarding-the-multidisciplinary-care-of-limb-amputation-patients-in-disasters-or-humanitarian-emergencies\/\" content=\"Consensus Statements Regarding the Multidisciplinary Care of Limb Amputation Patients in Disasters or Humanitarian Emergencies.\" \/><meta itemprop=\"datePublished\" content=\"2021-05-13\" \/><meta itemprop=\"dateModified\" content=\"2021-07-05\" \/><meta itemprop=\"name\" content=\"Team Canada Healing Hands\"\/><meta itemprop=\"url\" content=\"https:\/\/www.tchh.org\/wp-content\/uploads\/2021\/07\/Team-Canada-Healing-Hands-Horizontal-outlines-200px-for-website.png\"\/><meta itemprop=\"url\" content=\"https:\/\/www.tchh.org\/author\/tchhLisa\/\" \/><meta itemprop=\"name\" content=\"tchhLisa\" \/><meta itemprop=\"interactionType\" content=\"https:\/\/schema.org\/CommentAction\" \/><meta itemprop=\"userInteractionCount\" content=\"0\" \/>\n\t\t\t\t\t\t\t\t\t<h5 itemprop=\"headline\">\n\t\t\t\t\t\t\t\t\t\t\t\t\t<a href=\"http:\/\/www.tchh.org\/fr\/consensus-statements-regarding-the-multidisciplinary-care-of-limb-amputation-patients-in-disasters-or-humanitarian-emergencies\/\" title=\"D\u00e9clarations de consensus concernant la prise en charge multidisciplinaire des patients amput\u00e9s d&#039;un membre lors de catastrophes ou d&#039;urgences humanitaires.\">\n\t\t\t\t\t\t\t\t\t\t\t\t\t\tD\u00e9clarations de consensus concernant la prise en charge multidisciplinaire des patients amput\u00e9s d'un membre lors de catastrophes ou d'urgences humanitaires.\t\t\t\t\t\t\t\t\t\t\t\t\t<\/a>\n\t\t\t\t\t\t\t\t\t\t\t<\/h5>\n    Les amputations de membres sont fr\u00e9quemment pratiqu\u00e9es \u00e0 la suite de traumatismes inflig\u00e9s lors de conflits ou de catastrophes. Comme l'a d\u00e9montr\u00e9 le tremblement de terre de 2010 en Ha\u00efti, la coordination des soins...\n    <a href=\"http:\/\/www.tchh.org\/fr\/consensus-statements-regarding-the-multidisciplinary-care-of-limb-amputation-patients-in-disasters-or-humanitarian-emergencies\/\" title=\"D\u00e9clarations de consensus concernant la prise en charge multidisciplinaire des patients amput\u00e9s d&#039;un membre lors de catastrophes ou d&#039;urgences humanitaires.\">Lire la suite<\/a>\n\t\t<!-- .pp-content-posts -->\n<h2>\n\t\tLiens et ressources\n\t<\/h2>\n<h3>\n\t\tPatients et soignants\n\t<\/h3>\n\t<p><a href=\"https:\/\/crsn.ca\/fr\/ressourcesfr\">Ressources pour personnes atteintes d'un AVC<\/a><\/p>\n<p><a href=\"https:\/\/crsn.ca\/fr\/videos-et-publications-sur-les-soins-aux-victimes-d-avc\">Vid\u00e9os et publications AVC<\/a><\/p>\n<h3>\n\t\tProfessionnels de la sant\u00e9\n\t<\/h3>\n\t<p><a href=\"https:\/\/crsn.ca\/fr\/clinicaltoolsresourcepagefr\/clinicalresourcesfr\">Ressources cliniques<\/a><\/p>\n<p><a href=\"https:\/\/crsn.ca\/fr\/clinicaltoolsresourcepagefr\/clinicalpractoolsfr\">Outils de pratique clinique<\/a><\/p>\n<p><a href=\"https:\/\/crsn.ca\/fr\/formation-et-perfectionnement\">\u00c9ducation et formation<\/a><\/p>\n<p><a href=\"https:\/\/crsn.ca\/fr\/pratiques-optimales-de-soins-de-l-avc\">Pratiques optimales de soins de l'AVC<\/a><\/p>","protected":false},"excerpt":{"rendered":"<p>Cr\u00e9er l'inclusion D\u00e9claration de mission Fournir et d\u00e9velopper le traitement, l'\u00e9ducation et la formation en mati\u00e8re de r\u00e9adaptation dans les r\u00e9gions qui en ont besoin. Notre mandat Organiser et mener des projets internationaux de sensibilisation \u00e0 la r\u00e9adaptation, en mettant l'accent sur la formation, dans les r\u00e9gions identifi\u00e9es comme ayant des besoins. Renforcer l'\u00e9ducation sur le handicap et la r\u00e9adaptation dans les r\u00e9gions sous-d\u00e9velopp\u00e9es et en voie de d\u00e9veloppement. Fournir un soutien, via...<\/p>","protected":false},"author":1,"featured_media":0,"parent":0,"menu_order":0,"comment_status":"closed","ping_status":"closed","template":"","meta":{"_monsterinsights_skip_tracking":false,"_monsterinsights_sitenote_active":false,"_monsterinsights_sitenote_note":"","_monsterinsights_sitenote_category":0,"footnotes":""},"class_list":["post-31318","page","type-page","status-publish","hentry"],"_links":{"self":[{"href":"http:\/\/www.tchh.org\/fr\/wp-json\/wp\/v2\/pages\/31318","targetHints":{"allow":["GET"]}}],"collection":[{"href":"http:\/\/www.tchh.org\/fr\/wp-json\/wp\/v2\/pages"}],"about":[{"href":"http:\/\/www.tchh.org\/fr\/wp-json\/wp\/v2\/types\/page"}],"author":[{"embeddable":true,"href":"http:\/\/www.tchh.org\/fr\/wp-json\/wp\/v2\/users\/1"}],"replies":[{"embeddable":true,"href":"http:\/\/www.tchh.org\/fr\/wp-json\/wp\/v2\/comments?post=31318"}],"version-history":[{"count":110,"href":"http:\/\/www.tchh.org\/fr\/wp-json\/wp\/v2\/pages\/31318\/revisions"}],"predecessor-version":[{"id":33403,"href":"http:\/\/www.tchh.org\/fr\/wp-json\/wp\/v2\/pages\/31318\/revisions\/33403"}],"wp:attachment":[{"href":"http:\/\/www.tchh.org\/fr\/wp-json\/wp\/v2\/media?parent=31318"}],"curies":[{"name":"wp","href":"https:\/\/api.w.org\/{rel}","templated":true}]}}